{"id":6298,"date":"2022-05-11T16:11:19","date_gmt":"2022-05-11T14:11:19","guid":{"rendered":"https:\/\/www.nexusproskills.it\/?page_id=6298"},"modified":"2022-05-12T12:32:47","modified_gmt":"2022-05-12T10:32:47","slug":"fondimpresa-competenze-di-base-e-trasversali","status":"publish","type":"page","link":"https:\/\/www.nexusproskills.it\/index.php\/fondimpresa-competenze-di-base-e-trasversali\/","title":{"rendered":"FONDIMPRESA &#8211; COMPETENZE DI BASE E TRASVERSALI"},"content":{"rendered":"\t\t<div data-elementor-type=\"wp-page\" data-elementor-id=\"6298\" class=\"elementor elementor-6298\">\n\t\t\t\t\t\t<section class=\"elementor-section elementor-top-section elementor-element elementor-element-512afbc elementor-section-boxed elementor-section-height-default elementor-section-height-default\" data-id=\"512afbc\" data-element_type=\"section\">\n\t\t\t\t\t\t<div class=\"elementor-container elementor-column-gap-default\">\n\t\t\t\t\t<div class=\"aux-parallax-section elementor-column elementor-col-100 elementor-top-column elementor-element elementor-element-dcbdbcd\" data-id=\"dcbdbcd\" data-element_type=\"column\">\n\t\t\t<div class=\"elementor-widget-wrap\">\n\t\t\t\t\t\t\t<\/div>\n\t\t<\/div>\n\t\t\t\t\t<\/div>\n\t\t<\/section>\n\t\t\t\t<section class=\"elementor-section elementor-top-section elementor-element elementor-element-e8d41d7 elementor-section-boxed elementor-section-height-default elementor-section-height-default\" data-id=\"e8d41d7\" data-element_type=\"section\">\n\t\t\t\t\t\t<div class=\"elementor-container elementor-column-gap-default\">\n\t\t\t\t\t<div class=\"aux-parallax-section elementor-column elementor-col-100 elementor-top-column elementor-element elementor-element-129f898\" data-id=\"129f898\" data-element_type=\"column\">\n\t\t\t<div class=\"elementor-widget-wrap elementor-element-populated\">\n\t\t\t\t\t\t<div class=\"elementor-element elementor-element-bf5a528 elementor-widget elementor-widget-image\" data-id=\"bf5a528\" data-element_type=\"widget\" data-widget_type=\"image.default\">\n\t\t\t\t<div class=\"elementor-widget-container\">\n\t\t\t\t\t\t\t\t\t\t\t\t\t\t\t<img decoding=\"async\" src=\"https:\/\/www.nexusproskills.it\/wp-content\/uploads\/elementor\/thumbs\/fondimpresa-2-22-ponvdch38202abn5wedyroxcpw2s6mxkmczt6z1h8o.png\" title=\"fondimpresa &#8211; 2-22\" alt=\"fondimpresa; competenze di base e trasversali\" loading=\"lazy\" \/>\t\t\t\t\t\t\t\t\t\t\t\t\t\t\t<\/div>\n\t\t\t\t<\/div>\n\t\t\t\t\t<\/div>\n\t\t<\/div>\n\t\t\t\t\t<\/div>\n\t\t<\/section>\n\t\t\t\t<section class=\"elementor-section elementor-top-section elementor-element elementor-element-d3985c3 elementor-section-boxed elementor-section-height-default elementor-section-height-default\" data-id=\"d3985c3\" data-element_type=\"section\">\n\t\t\t\t\t\t<div class=\"elementor-container elementor-column-gap-default\">\n\t\t\t\t\t<div class=\"aux-parallax-section elementor-column elementor-col-100 elementor-top-column elementor-element elementor-element-9a944d1\" data-id=\"9a944d1\" data-element_type=\"column\">\n\t\t\t<div class=\"elementor-widget-wrap elementor-element-populated\">\n\t\t\t\t\t\t<div class=\"elementor-element elementor-element-515fb23 elementor-widget elementor-widget-text-editor\" data-id=\"515fb23\" data-element_type=\"widget\" data-widget_type=\"text-editor.default\">\n\t\t\t\t<div class=\"elementor-widget-container\">\n\t\t\t\t\t\t\t\t\t<p><strong>TIPOLOGIA DI PIANI FORMATIVI<\/strong><\/p><p>L&#8217;Avviso finanzia piani formativi volti a sviluppare sia competenze specifiche che per lanciare delle Academy aziendali.<\/p><p><strong>BENEFICIARI<\/strong><\/p><p>Aziende aderenti o neo aderenti a Fondimpresa<\/p><p><strong>DESTINATARI<\/strong><\/p><p>Dipendenti con un regolare contratto di lavoro subordinato (contratti a tempo determinato, indeterminato, apprendistato).\u00a0\u00a0<\/p><p><strong>OBIETTIVI<\/strong><\/p><p>Supportare lo sviluppo delle competenze BASE e TRASVERSALI<\/p><p><strong>AREE DI INTERVENTO FINANZIABILI<\/strong><\/p><p>Competenze COMPORTAMENTALI, DIGITALI e LINGUISTICHE<\/p><p><strong>CARATTERISTICHE DELL\u2019AVVISO:<\/strong><\/p><ul><li>Numero minimo di allievi per singolo corso: 4\u00a0 (Nb. Il singolo dipendente non potr\u00e0 essere coinvolto in pi\u00f9 percorsi formativi).<\/li><li>Svolgimento della formazione: durante l&#8217;orario di lavoro<\/li><li>Docenti: selezionati dall&#8217;azienda o indicati da NXS (E&#8217; necessaria esperienza pluriennale nella tematica)<\/li><li>Possibilit\u00e0 di selezionare la modalit\u00e0 formativa pi\u00f9 adatta alle esigenze aziendali (Aula frontale, Aula virtuale, Action Learning, Affiancamento, E-learning)<\/li><li>L\u2019Avviso prevede diverse finestre per la presentazione della domanda di finanziamento, pertanto, sulla base della necessit\u00e0 aziendali, sar\u00e0 possibile ragionare sul periodo pi\u00f9 comodo per l&#8217;erogazione.<\/li><\/ul><p><strong>SCADENZE DI PRESENTAZIONE<\/strong><\/p><ul><li>dalle ore 9.00 del 15 giugno 2022 e fino alle ore 13.00 del 28 giugno 2022;<\/li><li>dalle ore 9.00 del 13 settembre 2022 e fino alle ore 13.00 del 28 settembre 2022;<\/li><li>dalle ore 9.00 del 16 gennaio 2023 e fino alle ore 13.00 del 31 gennaio 2023;<\/li><li>dalle ore 9.00 del 15 maggio 2023 e fino alle ore 13.00 del 30 maggio 2023.<\/li><\/ul><p><strong>MODALITA\u2019 DI FINANZIAMENTO<\/strong><\/p><p>Tutte le spese vengono coperte dal Fondo.<\/p><p>NXS S.r.l. , in qualit\u00e0 di ente accreditato, provvede alla presentazione della domanda, alla gestione della pratica, all&#8217;erogazione del corso e all&#8217;intera gestione finanziaria del piano.<\/p>\t\t\t\t\t\t\t\t<\/div>\n\t\t\t\t<\/div>\n\t\t\t\t\t<\/div>\n\t\t<\/div>\n\t\t\t\t\t<\/div>\n\t\t<\/section>\n\t\t\t\t<section class=\"elementor-section elementor-top-section elementor-element elementor-element-0ec070f elementor-section-boxed elementor-section-height-default elementor-section-height-default\" data-id=\"0ec070f\" data-element_type=\"section\">\n\t\t\t\t\t\t<div class=\"elementor-container elementor-column-gap-default\">\n\t\t\t\t\t<div class=\"aux-parallax-section elementor-column elementor-col-100 elementor-top-column elementor-element elementor-element-43b336e\" data-id=\"43b336e\" data-element_type=\"column\">\n\t\t\t<div class=\"elementor-widget-wrap elementor-element-populated\">\n\t\t\t\t\t\t\t<\/div>\n\t\t<\/div>\n\t\t\t\t\t<\/div>\n\t\t<\/section>\n\t\t\t\t<section class=\"elementor-section elementor-top-section elementor-element elementor-element-f0c0a06 elementor-section-boxed elementor-section-height-default elementor-section-height-default\" data-id=\"f0c0a06\" data-element_type=\"section\">\n\t\t\t\t\t\t<div class=\"elementor-container elementor-column-gap-default\">\n\t\t\t\t\t<div class=\"aux-parallax-section elementor-column elementor-col-100 elementor-top-column elementor-element elementor-element-948a526\" data-id=\"948a526\" data-element_type=\"column\">\n\t\t\t<div class=\"elementor-widget-wrap elementor-element-populated\">\n\t\t\t\t\t\t\t<\/div>\n\t\t<\/div>\n\t\t\t\t\t<\/div>\n\t\t<\/section>\n\t\t\t\t<section class=\"elementor-section elementor-top-section elementor-element elementor-element-0a2aa4e elementor-section-boxed elementor-section-height-default elementor-section-height-default\" data-id=\"0a2aa4e\" data-element_type=\"section\">\n\t\t\t\t\t\t<div class=\"elementor-container elementor-column-gap-default\">\n\t\t\t\t\t<div class=\"aux-parallax-section elementor-column elementor-col-33 elementor-top-column elementor-element elementor-element-f84528e\" data-id=\"f84528e\" data-element_type=\"column\">\n\t\t\t<div class=\"elementor-widget-wrap\">\n\t\t\t\t\t\t\t<\/div>\n\t\t<\/div>\n\t\t\t\t<div class=\"aux-parallax-section elementor-column elementor-col-33 elementor-top-column elementor-element elementor-element-c70b326\" data-id=\"c70b326\" data-element_type=\"column\">\n\t\t\t<div class=\"elementor-widget-wrap elementor-element-populated\">\n\t\t\t\t\t\t<div class=\"elementor-element elementor-element-8ede636 elementor-widget elementor-widget-html\" data-id=\"8ede636\" data-element_type=\"widget\" data-widget_type=\"html.default\">\n\t\t\t\t<div class=\"elementor-widget-container\">\n\t\t\t\t\t<center>[wpforms id=\"6313\"]<\/center>\t\t\t\t<\/div>\n\t\t\t\t<\/div>\n\t\t\t\t\t<\/div>\n\t\t<\/div>\n\t\t\t\t<div class=\"aux-parallax-section elementor-column elementor-col-33 elementor-top-column elementor-element elementor-element-0e5d288\" data-id=\"0e5d288\" data-element_type=\"column\">\n\t\t\t<div class=\"elementor-widget-wrap\">\n\t\t\t\t\t\t\t<\/div>\n\t\t<\/div>\n\t\t\t\t\t<\/div>\n\t\t<\/section>\n\t\t\t\t<\/div>\n\t\t","protected":false},"excerpt":{"rendered":"<p>TIPOLOGIA DI PIANI FORMATIVI L&#8217;Avviso finanzia piani formativi volti a sviluppare sia competenze specifiche che per lanciare delle Academy aziendali. BENEFICIARI Aziende aderenti o neo aderenti a Fondimpresa DESTINATARI Dipendenti con un regolare contratto di lavoro subordinato (contratti a tempo determinato, indeterminato, apprendistato).\u00a0\u00a0 OBIETTIVI Supportare lo sviluppo delle competenze BASE e TRASVERSALI AREE DI INTERVENTO [&hellip;]<\/p>\n","protected":false},"author":4,"featured_media":6310,"parent":0,"menu_order":0,"comment_status":"closed","ping_status":"closed","template":"","meta":{"_themeisle_gutenberg_block_has_review":false,"footnotes":""},"class_list":["post-6298","page","type-page","status-publish","has-post-thumbnail","hentry"],"aioseo_notices":[],"_links":{"self":[{"href":"https:\/\/www.nexusproskills.it\/index.php\/wp-json\/wp\/v2\/pages\/6298","targetHints":{"allow":["GET"]}}],"collection":[{"href":"https:\/\/www.nexusproskills.it\/index.php\/wp-json\/wp\/v2\/pages"}],"about":[{"href":"https:\/\/www.nexusproskills.it\/index.php\/wp-json\/wp\/v2\/types\/page"}],"author":[{"embeddable":true,"href":"https:\/\/www.nexusproskills.it\/index.php\/wp-json\/wp\/v2\/users\/4"}],"replies":[{"embeddable":true,"href":"https:\/\/www.nexusproskills.it\/index.php\/wp-json\/wp\/v2\/comments?post=6298"}],"version-history":[{"count":27,"href":"https:\/\/www.nexusproskills.it\/index.php\/wp-json\/wp\/v2\/pages\/6298\/revisions"}],"predecessor-version":[{"id":6439,"href":"https:\/\/www.nexusproskills.it\/index.php\/wp-json\/wp\/v2\/pages\/6298\/revisions\/6439"}],"wp:featuredmedia":[{"embeddable":true,"href":"https:\/\/www.nexusproskills.it\/index.php\/wp-json\/wp\/v2\/media\/6310"}],"wp:attachment":[{"href":"https:\/\/www.nexusproskills.it\/index.php\/wp-json\/wp\/v2\/media?parent=6298"}],"curies":[{"name":"wp","href":"https:\/\/api.w.org\/{rel}","templated":true}]}}