{"id":5990,"date":"2020-05-05T10:06:48","date_gmt":"2020-05-05T08:06:48","guid":{"rendered":"https:\/\/www.nexusproskills.it\/?page_id=5990"},"modified":"2022-03-30T14:30:52","modified_gmt":"2022-03-30T12:30:52","slug":"garanzia-giovani","status":"publish","type":"page","link":"https:\/\/www.nexusproskills.it\/index.php\/garanzia-giovani\/","title":{"rendered":"Garanzia Giovani"},"content":{"rendered":"\t\t<div data-elementor-type=\"wp-page\" data-elementor-id=\"5990\" class=\"elementor elementor-5990\">\n\t\t\t\t\t\t<section class=\"elementor-section elementor-top-section elementor-element elementor-element-512afbc elementor-section-boxed elementor-section-height-default elementor-section-height-default\" data-id=\"512afbc\" data-element_type=\"section\" data-e-type=\"section\">\n\t\t\t\t\t\t<div class=\"elementor-container elementor-column-gap-default\">\n\t\t\t\t\t<div class=\"aux-parallax-section elementor-column elementor-col-100 elementor-top-column elementor-element elementor-element-dcbdbcd\" data-id=\"dcbdbcd\" data-element_type=\"column\" data-e-type=\"column\">\n\t\t\t<div class=\"elementor-widget-wrap\">\n\t\t\t\t\t\t\t<\/div>\n\t\t<\/div>\n\t\t\t\t\t<\/div>\n\t\t<\/section>\n\t\t\t\t<section class=\"elementor-section elementor-top-section elementor-element elementor-element-030aa2d elementor-section-boxed elementor-section-height-default elementor-section-height-default\" data-id=\"030aa2d\" data-element_type=\"section\" data-e-type=\"section\">\n\t\t\t\t\t\t<div class=\"elementor-container elementor-column-gap-default\">\n\t\t\t\t\t<div class=\"aux-parallax-section elementor-column elementor-col-100 elementor-top-column elementor-element elementor-element-d9bc66a\" data-id=\"d9bc66a\" data-element_type=\"column\" data-e-type=\"column\">\n\t\t\t<div class=\"elementor-widget-wrap elementor-element-populated\">\n\t\t\t\t\t\t<div class=\"elementor-element elementor-element-f38dee6 elementor-widget elementor-widget-image\" data-id=\"f38dee6\" data-element_type=\"widget\" data-e-type=\"widget\" data-widget_type=\"image.default\">\n\t\t\t\t<div class=\"elementor-widget-container\">\n\t\t\t\t\t\t\t\t\t\t\t\t\t\t\t<img decoding=\"async\" src=\"https:\/\/www.nexusproskills.it\/wp-content\/uploads\/elementor\/thumbs\/garanzia-giovani-op2c3bqeu4ixn3o7gna05h9dt38bkuptmyeb611fj0.jpg\" title=\"garanzia giovani\" alt=\"garanzia giovani\" loading=\"lazy\" \/>\t\t\t\t\t\t\t\t\t\t\t\t\t\t\t<\/div>\n\t\t\t\t<\/div>\n\t\t\t\t\t<\/div>\n\t\t<\/div>\n\t\t\t\t\t<\/div>\n\t\t<\/section>\n\t\t\t\t<section class=\"elementor-section elementor-top-section elementor-element elementor-element-e8d41d7 elementor-section-boxed elementor-section-height-default elementor-section-height-default\" data-id=\"e8d41d7\" data-element_type=\"section\" data-e-type=\"section\">\n\t\t\t\t\t\t<div class=\"elementor-container elementor-column-gap-default\">\n\t\t\t\t\t<div class=\"aux-parallax-section elementor-column elementor-col-100 elementor-top-column elementor-element elementor-element-07360c8\" data-id=\"07360c8\" data-element_type=\"column\" data-e-type=\"column\">\n\t\t\t<div class=\"elementor-widget-wrap elementor-element-populated\">\n\t\t\t\t\t\t<div class=\"elementor-element elementor-element-65f68a7 elementor-widget elementor-widget-text-editor\" data-id=\"65f68a7\" data-element_type=\"widget\" data-e-type=\"widget\" data-widget_type=\"text-editor.default\">\n\t\t\t\t<div class=\"elementor-widget-container\">\n\t\t\t\t\t\t\t\t\t<p>La <b>Garanzia Giovani (Youth Guarantee) \u00e8 il Piano Europeo per la lotta alla disoccupazione giovanile<\/b>. Con questo obiettivo sono stati previsti dei <b>finanziamenti<\/b> per i Paesi Membri con tassi di disoccupazione superiori al 25%, che saranno investiti in politiche attive di orientamento, istruzione e formazione e inserimento al lavoro, a sostegno dei giovani che non sono impegnati in un\u2019attivit\u00e0 lavorativa, n\u00e9 inseriti in un percorso scolastico o formativo (Neet \u2013 Not in Education, Employment or Training).<\/p><p>In sinergia con la Raccomandazione europea del 2013, l\u2019Italia dovr\u00e0 garantire ai giovani al di sotto dei 30 anni un\u2019offerta qualitativamente valida di lavoro, proseguimento degli studi, apprendistato o tirocinio, entro 4 mesi dall\u2019inizio della disoccupazione o dall\u2019uscita dal sistema d\u2019istruzione formale.<\/p><p>Se sei quindi un <b>giovane tra i 15 e i 29 anni<\/b>, residente in Italia \u2013 cittadino comunitario o straniero extra UE, regolarmente soggiornante \u2013 non impegnato in un\u2019attivit\u00e0 lavorativa n\u00e9 inserito in un corso scolastico o formativo, la Garanzia Giovani \u00e8 un\u2019iniziativa concreta che pu\u00f2 aiutarti a entrare nel mondo del lavoro, valorizzando le tue attitudini e il tuo background formativo e professionale.<\/p>\t\t\t\t\t\t\t\t<\/div>\n\t\t\t\t<\/div>\n\t\t\t\t<div class=\"elementor-element elementor-element-f9c0af8 elementor-widget elementor-widget-text-editor\" data-id=\"f9c0af8\" data-element_type=\"widget\" data-e-type=\"widget\" data-widget_type=\"text-editor.default\">\n\t\t\t\t<div class=\"elementor-widget-container\">\n\t\t\t\t\t\t\t\t\t<p><span style=\"font-weight: 600; font-size: 16.0016px; color: var( --e-global-color-text );\">Cosa pu\u00f2 fare NXS per te?<\/span><\/p><p style=\"font-size: 16.0016px;\">Sia che tu sia un\u2019azienda che vuole usufruire delle possibilit\u00e0 offerte da Garanzia giovani, sia che tu sia un ragazzo in cerca di opportunit\u00e0 lavorative, NXS pu\u00f2\u00a0<span style=\"font-weight: bold;\">attivare per te tutte le misure previste<\/span>\u00a0dal progetto, per il suo ruolo di Organismo di Formazione accreditato presso la Regione Abruzzo.<\/p>\t\t\t\t\t\t\t\t<\/div>\n\t\t\t\t<\/div>\n\t\t\t\t\t<\/div>\n\t\t<\/div>\n\t\t\t\t\t<\/div>\n\t\t<\/section>\n\t\t\t\t<section class=\"elementor-section elementor-top-section elementor-element elementor-element-d3985c3 elementor-section-boxed elementor-section-height-default elementor-section-height-default\" data-id=\"d3985c3\" data-element_type=\"section\" data-e-type=\"section\">\n\t\t\t\t\t\t<div class=\"elementor-container elementor-column-gap-default\">\n\t\t\t\t\t<div class=\"aux-parallax-section elementor-column elementor-col-100 elementor-top-column elementor-element elementor-element-9a944d1\" data-id=\"9a944d1\" data-element_type=\"column\" data-e-type=\"column\">\n\t\t\t<div class=\"elementor-widget-wrap\">\n\t\t\t\t\t\t\t<\/div>\n\t\t<\/div>\n\t\t\t\t\t<\/div>\n\t\t<\/section>\n\t\t\t\t<section class=\"elementor-section elementor-top-section elementor-element elementor-element-0ec070f elementor-section-boxed elementor-section-height-default elementor-section-height-default\" data-id=\"0ec070f\" data-element_type=\"section\" data-e-type=\"section\">\n\t\t\t\t\t\t<div class=\"elementor-container elementor-column-gap-default\">\n\t\t\t\t\t<div class=\"aux-parallax-section elementor-column elementor-col-100 elementor-top-column elementor-element elementor-element-43b336e\" data-id=\"43b336e\" data-element_type=\"column\" data-e-type=\"column\">\n\t\t\t<div class=\"elementor-widget-wrap elementor-element-populated\">\n\t\t\t\t\t\t\t<\/div>\n\t\t<\/div>\n\t\t\t\t\t<\/div>\n\t\t<\/section>\n\t\t\t\t<section class=\"elementor-section elementor-top-section elementor-element elementor-element-f0c0a06 elementor-section-boxed elementor-section-height-default elementor-section-height-default\" data-id=\"f0c0a06\" data-element_type=\"section\" data-e-type=\"section\">\n\t\t\t\t\t\t<div class=\"elementor-container elementor-column-gap-default\">\n\t\t\t\t\t<div class=\"aux-parallax-section elementor-column elementor-col-100 elementor-top-column elementor-element elementor-element-948a526\" data-id=\"948a526\" data-element_type=\"column\" data-e-type=\"column\">\n\t\t\t<div class=\"elementor-widget-wrap elementor-element-populated\">\n\t\t\t\t\t\t\t<\/div>\n\t\t<\/div>\n\t\t\t\t\t<\/div>\n\t\t<\/section>\n\t\t\t\t<section class=\"elementor-section elementor-top-section elementor-element elementor-element-8335eb9 elementor-section-boxed elementor-section-height-default elementor-section-height-default\" data-id=\"8335eb9\" data-element_type=\"section\" data-e-type=\"section\">\n\t\t\t\t\t\t<div class=\"elementor-container elementor-column-gap-default\">\n\t\t\t\t\t<div class=\"aux-parallax-section elementor-column elementor-col-100 elementor-top-column elementor-element elementor-element-115e139\" data-id=\"115e139\" data-element_type=\"column\" data-e-type=\"column\">\n\t\t\t<div class=\"elementor-widget-wrap elementor-element-populated\">\n\t\t\t\t\t\t<div class=\"elementor-element elementor-element-88698a3 elementor-widget elementor-widget-html\" data-id=\"88698a3\" data-element_type=\"widget\" data-e-type=\"widget\" data-widget_type=\"html.default\">\n\t\t\t\t<div class=\"elementor-widget-container\">\n\t\t\t\t\t<center>[wpforms id=\"2475\"]<\/center>\t\t\t\t<\/div>\n\t\t\t\t<\/div>\n\t\t\t\t\t<\/div>\n\t\t<\/div>\n\t\t\t\t\t<\/div>\n\t\t<\/section>\n\t\t\t\t<\/div>\n\t\t","protected":false},"excerpt":{"rendered":"<p>La Garanzia Giovani (Youth Guarantee) \u00e8 il Piano Europeo per la lotta alla disoccupazione giovanile. Con questo obiettivo sono stati previsti dei finanziamenti per i Paesi Membri con tassi di disoccupazione superiori al 25%, che saranno investiti in politiche attive di orientamento, istruzione e formazione e inserimento al lavoro, a sostegno dei giovani che non [&hellip;]<\/p>\n","protected":false},"author":6,"featured_media":6065,"parent":0,"menu_order":0,"comment_status":"closed","ping_status":"closed","template":"templates\/page-builder-content.php","meta":{"_themeisle_gutenberg_block_has_review":false,"footnotes":""},"class_list":["post-5990","page","type-page","status-publish","has-post-thumbnail","hentry"],"aioseo_notices":[],"_links":{"self":[{"href":"https:\/\/www.nexusproskills.it\/index.php\/wp-json\/wp\/v2\/pages\/5990","targetHints":{"allow":["GET"]}}],"collection":[{"href":"https:\/\/www.nexusproskills.it\/index.php\/wp-json\/wp\/v2\/pages"}],"about":[{"href":"https:\/\/www.nexusproskills.it\/index.php\/wp-json\/wp\/v2\/types\/page"}],"author":[{"embeddable":true,"href":"https:\/\/www.nexusproskills.it\/index.php\/wp-json\/wp\/v2\/users\/6"}],"replies":[{"embeddable":true,"href":"https:\/\/www.nexusproskills.it\/index.php\/wp-json\/wp\/v2\/comments?post=5990"}],"version-history":[{"count":15,"href":"https:\/\/www.nexusproskills.it\/index.php\/wp-json\/wp\/v2\/pages\/5990\/revisions"}],"predecessor-version":[{"id":6067,"href":"https:\/\/www.nexusproskills.it\/index.php\/wp-json\/wp\/v2\/pages\/5990\/revisions\/6067"}],"wp:featuredmedia":[{"embeddable":true,"href":"https:\/\/www.nexusproskills.it\/index.php\/wp-json\/wp\/v2\/media\/6065"}],"wp:attachment":[{"href":"https:\/\/www.nexusproskills.it\/index.php\/wp-json\/wp\/v2\/media?parent=5990"}],"curies":[{"name":"wp","href":"https:\/\/api.w.org\/{rel}","templated":true}]}}