{"id":3097,"date":"2021-04-30T10:19:52","date_gmt":"2021-04-30T08:19:52","guid":{"rendered":"https:\/\/www.nexusproskills.it\/?page_id=3097"},"modified":"2022-04-20T14:47:30","modified_gmt":"2022-04-20T12:47:30","slug":"pillola-formativa-5-a","status":"publish","type":"page","link":"https:\/\/www.nexusproskills.it\/index.php\/pillola-formativa-5-a\/","title":{"rendered":"pillola formativa 5-a"},"content":{"rendered":"\t\t<div data-elementor-type=\"wp-page\" data-elementor-id=\"3097\" class=\"elementor elementor-3097\">\n\t\t\t\t\t\t<section class=\"elementor-section elementor-top-section elementor-element elementor-element-22db98b elementor-section-boxed elementor-section-height-default elementor-section-height-default\" data-id=\"22db98b\" data-element_type=\"section\">\n\t\t\t\t\t\t<div class=\"elementor-container elementor-column-gap-default\">\n\t\t\t\t\t<div class=\"aux-parallax-section elementor-column elementor-col-100 elementor-top-column elementor-element elementor-element-c55eff6\" data-id=\"c55eff6\" data-element_type=\"column\">\n\t\t\t<div class=\"elementor-widget-wrap elementor-element-populated\">\n\t\t\t\t\t\t<div class=\"elementor-element elementor-element-7b74573 elementor-widget elementor-widget-image\" data-id=\"7b74573\" data-element_type=\"widget\" data-widget_type=\"image.default\">\n\t\t\t\t<div class=\"elementor-widget-container\">\n\t\t\t\t\t\t\t\t\t\t\t\t\t\t\t<img decoding=\"async\" src=\"https:\/\/www.nexusproskills.it\/wp-content\/uploads\/elementor\/thumbs\/proskillscommunity-pj8vgiymqjuahzhqweajefko9bus53ih97lyxsi328.png\" title=\"proskillscommunity\" alt=\"proskills community; azienda; formazione; abruzzo; nexus;\" loading=\"lazy\" \/>\t\t\t\t\t\t\t\t\t\t\t\t\t\t\t<\/div>\n\t\t\t\t<\/div>\n\t\t\t\t\t<\/div>\n\t\t<\/div>\n\t\t\t\t\t<\/div>\n\t\t<\/section>\n\t\t\t\t<section class=\"elementor-section elementor-top-section elementor-element elementor-element-07d1702 elementor-section-boxed elementor-section-height-default elementor-section-height-default elementor-invisible\" data-id=\"07d1702\" data-element_type=\"section\" data-settings=\"{&quot;animation&quot;:&quot;zoomIn&quot;}\">\n\t\t\t\t\t\t<div class=\"elementor-container elementor-column-gap-default\">\n\t\t\t\t\t<div class=\"aux-parallax-section elementor-column elementor-col-100 elementor-top-column elementor-element elementor-element-75dd2f6\" data-id=\"75dd2f6\" data-element_type=\"column\">\n\t\t\t<div class=\"elementor-widget-wrap elementor-element-populated\">\n\t\t\t\t\t\t<div class=\"elementor-element elementor-element-04a74ce elementor-widget elementor-widget-heading\" data-id=\"04a74ce\" data-element_type=\"widget\" data-widget_type=\"heading.default\">\n\t\t\t\t<div class=\"elementor-widget-container\">\n\t\t\t\t\t<h1 class=\"elementor-heading-title elementor-size-default\"><h1 class=\"elementor-heading-title elementor-size-default elementor-inline-editing pen\" data-elementor-setting-key=\"title\" data-pen-placeholder=\"Digita qui...\" style=\"letter-spacing: normal\">Competenza 5: CREATIVE THINKING<\/h1><\/h1>\t\t\t\t<\/div>\n\t\t\t\t<\/div>\n\t\t\t\t<div class=\"elementor-element elementor-element-290e6cb elementor-widget elementor-widget-spacer\" data-id=\"290e6cb\" data-element_type=\"widget\" data-widget_type=\"spacer.default\">\n\t\t\t\t<div class=\"elementor-widget-container\">\n\t\t\t\t\t\t\t<div class=\"elementor-spacer\">\n\t\t\t<div class=\"elementor-spacer-inner\"><\/div>\n\t\t<\/div>\n\t\t\t\t\t\t<\/div>\n\t\t\t\t<\/div>\n\t\t\t\t\t<\/div>\n\t\t<\/div>\n\t\t\t\t\t<\/div>\n\t\t<\/section>\n\t\t\t\t<section class=\"elementor-section elementor-top-section elementor-element elementor-element-c4a0880 elementor-section-boxed elementor-section-height-default elementor-section-height-default\" data-id=\"c4a0880\" data-element_type=\"section\">\n\t\t\t\t\t\t<div class=\"elementor-container elementor-column-gap-default\">\n\t\t\t\t\t<div class=\"aux-parallax-section elementor-column elementor-col-100 elementor-top-column elementor-element elementor-element-0e9ec13\" data-id=\"0e9ec13\" data-element_type=\"column\">\n\t\t\t<div class=\"elementor-widget-wrap elementor-element-populated\">\n\t\t\t\t\t\t<div class=\"elementor-element elementor-element-f0ede9d elementor-widget elementor-widget-heading\" data-id=\"f0ede9d\" data-element_type=\"widget\" data-widget_type=\"heading.default\">\n\t\t\t\t<div class=\"elementor-widget-container\">\n\t\t\t\t\t<h2 class=\"elementor-heading-title elementor-size-default\">PERCHE' IL PENSIERO CREATIVO E' UN VALORE IN AZIENDA<\/h2>\t\t\t\t<\/div>\n\t\t\t\t<\/div>\n\t\t\t\t<div class=\"elementor-element elementor-element-45ecdfc elementor-widget elementor-widget-spacer\" data-id=\"45ecdfc\" data-element_type=\"widget\" data-widget_type=\"spacer.default\">\n\t\t\t\t<div class=\"elementor-widget-container\">\n\t\t\t\t\t\t\t<div class=\"elementor-spacer\">\n\t\t\t<div class=\"elementor-spacer-inner\"><\/div>\n\t\t<\/div>\n\t\t\t\t\t\t<\/div>\n\t\t\t\t<\/div>\n\t\t\t\t<div class=\"elementor-element elementor-element-854ba49 elementor-widget elementor-widget-text-editor\" data-id=\"854ba49\" data-element_type=\"widget\" data-widget_type=\"text-editor.default\">\n\t\t\t\t<div class=\"elementor-widget-container\">\n\t\t\t\t\t\t\t\t\t<p>Tutte le pillole e le risorse della\u00a0NXS PROSKILLS COMMUNITY\u00a0sono tratte dal nostro modello di sviluppo manageriale, nascono come allenamento settimanale per dare il meglio nel mondo del lavoro.<\/p><blockquote><p>\u201cNon tutte le prigioni hanno le sbarre: molte sono meno evidenti ed \u00e8 difficile evadere perch\u00e9 non sappiamo di esserne prigionieri. Sono le prigioni dei nostri automatismi culturali che castrano l\u2019immaginazione, fonte di creativit\u00e0.\u201d\u00a0<em>Henry Laborit (biologo e filosofo)<\/em><\/p><\/blockquote><p>Tra le competenze cui le aziende negli ultimi anni stanno puntando maggiormente c\u2019\u00e8 sicuramente il pensiero creativo.<\/p><p>Con <em>pensiero creativo <\/em>si intende non il genio, n\u00e9 l\u2019estro o il talento senza metodo, ma la capacit\u00e0 di pensare in modo non convenzionale e rispondere alle sfide creando valore per l\u2019organizzazione. Essere creativi vuol dire sapersela cavare anche in circostanze avverse, inventare soluzioni innovative e guardare le cose da una diversa e pi\u00f9 feconda prospettiva.<\/p><p>La creativit\u00e0 \u00e8 una <em>metacompetenza<\/em>, \u00e8 pensiero trasversale. Pensiero creativo vuol dire associare per la prima volta concetti, oggetti, processi, situazioni che mai erano stati pensati insieme e dare origine a qualcosa di nuovo, utile, efficace. <strong>Pensare in modo creativo nel contesto aziendale \u00e8 fondamentale per tutti<\/strong>, non solo per chi \u00e8 chiamato a farlo perch\u00e9 la propria mansione lo richiede. Ognuno deve imparare a essere propositivo e capace di generare idee innovative, anche percorrendo territori inesplorati. Quello alla creativit\u00e0 \u00e8 un invito che da tempo i grandi gruppi oltreoceano fanno ai propri dipendenti, ma che in Italia ancora stenta a prendere piede. <br \/>Perch\u00e9 \u00e8 utile investire sull\u2019allenamento alla creativit\u00e0? Perch\u00e9 chi \u00e8 creativo riesce a essere davvero motore di un cambiamento, sia per uscire da una crisi che per generare innovazione.<\/p><p><strong>Tutti possono provare a pensare in modo creativo<\/strong>, perch\u00e9 quella di cui ci stiamo occupando \u00e8 una capacit\u00e0 che si pu\u00f2 acquisire e allenare. Pu\u00f2 sembrare strano, ma bisogna ricordare che la creativit\u00e0 non ha nulla di innato e si fonda sulla pratica. Certo, pu\u00f2 essere utile non essere eccessivamente rigidi, ma predisposti a mettersi alla prova. A parte questo, il pensiero alternativo \u00e8 acquisibile con l\u2019esercizio.<\/p><p>Per sviluppare il pensiero creativo \u00e8 necessario allenarsi a essere:<\/p><ol><li>Inclini al cambiamento<\/li><li>Positivi rispetto alle sfide<\/li><li>Predisposti a pensare fuori dagli schemi<\/li><li>Capaci di affrontare le crisi<\/li><li>Ascoltatori attenti<\/li><li>Capaci di immaginare mondi nuovi<\/li><li>Aperti alla condivisione e alla contaminazione<\/li><\/ol><p><strong>Creativit\u00e0 <\/strong>\u00e8 la capacit\u00e0 di creare con il pensiero soluzioni alternative, inventare possibilit\u00e0. Vuol dire definire in modo nuovo le proprie conoscenze, riformulare esperienze e dare vita a risultati concreti.<em>\u00a0<\/em><em>*In un\u2019economia e in un mondo che vira verso la robotica e l\u2019automazione, la creativit\u00e0 appare come l\u2019unico baluardo che rende indispensabile il contributo umano.<\/em><\/p><p>L\u2019anno appena trascorso ci ha insegnato quanto la creativit\u00e0 possa venire in nostro soccorso in tempi critici. Abbiamo visto persone, aziende, organizzazioni rinnovarsi completamente per affrontare la pi\u00f9 grande crisi degli ultimi anni. Tutti hanno dovuto adattarsi a situazioni e contesti lavorativi completamente diversi dal solito. Molti hanno imparato a lavorare da casa, quindi in un contesto inusuale e non sempre confortevole, distanti dai colleghi, magari dovendo anche reinventare il proprio business, cercando soluzioni nuove, utili a ottenere buoni risultati. In parecchi casi gli esiti sono stati brillanti e proprio il pensiero creativo ha permesso di vedere un\u2019opportunit\u00e0 nella difficolt\u00e0.<\/p><p>Ci troviamo di fronte a un contesto lavorativo completamente trasformato, le professioni e le professionalit\u00e0 tendono a formulazioni ibride delle competenze e i mercati procedono nella sempre pi\u00f9 indispensabile corsa alla digitalizzazione. <strong>Quello che ci appare evidente oggi \u00e8 l\u2019estrema necessit\u00e0 di instillare nelle organizzazioni e nei professionisti italiani<\/strong> <strong>un approccio creativo <\/strong>che possa tornare utile alla progettazione di prodotti, servizi e processi innovativi, alla risoluzione delle difficolt\u00e0, alla diversificazione sul mercato e alla capacit\u00e0 di inventarsi e reinventarsi spostando su nuovi orizzonti i propri punti di vista. C\u2019\u00e8 aria di cambiamento e al vento del cambiamento le mentalit\u00e0 creative restano ben salde.<\/p><p>Nella prossima pillola parleremo di come la creativit\u00e0 pu\u00f2 essere concretamente coltivata e allenata.<\/p>\t\t\t\t\t\t\t\t<\/div>\n\t\t\t\t<\/div>\n\t\t\t\t\t<\/div>\n\t\t<\/div>\n\t\t\t\t\t<\/div>\n\t\t<\/section>\n\t\t\t\t<section class=\"elementor-section elementor-top-section elementor-element elementor-element-3317a20 elementor-section-boxed elementor-section-height-default elementor-section-height-default\" data-id=\"3317a20\" data-element_type=\"section\">\n\t\t\t\t\t\t<div class=\"elementor-container elementor-column-gap-default\">\n\t\t\t\t\t<div class=\"aux-parallax-section elementor-column elementor-col-25 elementor-top-column elementor-element elementor-element-640767a\" data-id=\"640767a\" data-element_type=\"column\">\n\t\t\t<div class=\"elementor-widget-wrap elementor-element-populated\">\n\t\t\t\t\t\t<div class=\"elementor-element elementor-element-2bc97af elementor-widget elementor-widget-heading\" data-id=\"2bc97af\" data-element_type=\"widget\" data-widget_type=\"heading.default\">\n\t\t\t\t<div class=\"elementor-widget-container\">\n\t\t\t\t\t<h2 class=\"elementor-heading-title elementor-size-default\">Il team NXS<\/h2>\t\t\t\t<\/div>\n\t\t\t\t<\/div>\n\t\t\t\t\t<\/div>\n\t\t<\/div>\n\t\t\t\t<div class=\"aux-parallax-section elementor-column elementor-col-25 elementor-top-column elementor-element elementor-element-328b18f\" data-id=\"328b18f\" data-element_type=\"column\">\n\t\t\t<div class=\"elementor-widget-wrap elementor-element-populated\">\n\t\t\t\t\t\t<div class=\"elementor-element elementor-element-5133909 elementor-view-default elementor-widget elementor-widget-icon\" data-id=\"5133909\" data-element_type=\"widget\" data-widget_type=\"icon.default\">\n\t\t\t\t<div class=\"elementor-widget-container\">\n\t\t\t\t\t\t\t<div class=\"elementor-icon-wrapper\">\n\t\t\t<a class=\"elementor-icon\" href=\"http:\/\/www.nexusproskills.it\/\">\n\t\t\t<i aria-hidden=\"true\" class=\"auxicon auxicon-world\"><\/i>\t\t\t<\/a>\n\t\t<\/div>\n\t\t\t\t\t\t<\/div>\n\t\t\t\t<\/div>\n\t\t\t\t\t<\/div>\n\t\t<\/div>\n\t\t\t\t<div class=\"aux-parallax-section elementor-column elementor-col-25 elementor-top-column elementor-element elementor-element-cc24ff5\" data-id=\"cc24ff5\" data-element_type=\"column\">\n\t\t\t<div class=\"elementor-widget-wrap elementor-element-populated\">\n\t\t\t\t\t\t<div class=\"elementor-element elementor-element-5a9c5b8 elementor-view-default elementor-widget elementor-widget-icon\" data-id=\"5a9c5b8\" data-element_type=\"widget\" data-widget_type=\"icon.default\">\n\t\t\t\t<div class=\"elementor-widget-container\">\n\t\t\t\t\t\t\t<div class=\"elementor-icon-wrapper\">\n\t\t\t<a class=\"elementor-icon\" href=\"http:\/\/www.nexusproskills.it\/\">\n\t\t\t<i aria-hidden=\"true\" class=\"fab fa-facebook\"><\/i>\t\t\t<\/a>\n\t\t<\/div>\n\t\t\t\t\t\t<\/div>\n\t\t\t\t<\/div>\n\t\t\t\t\t<\/div>\n\t\t<\/div>\n\t\t\t\t<div class=\"aux-parallax-section elementor-column elementor-col-25 elementor-top-column elementor-element elementor-element-be683e5\" data-id=\"be683e5\" data-element_type=\"column\">\n\t\t\t<div class=\"elementor-widget-wrap elementor-element-populated\">\n\t\t\t\t\t\t<div class=\"elementor-element elementor-element-392b59b elementor-view-default elementor-widget elementor-widget-icon\" data-id=\"392b59b\" data-element_type=\"widget\" data-widget_type=\"icon.default\">\n\t\t\t\t<div class=\"elementor-widget-container\">\n\t\t\t\t\t\t\t<div class=\"elementor-icon-wrapper\">\n\t\t\t<a class=\"elementor-icon\" href=\"https:\/\/www.linkedin.com\/company\/nxs-nexusproskills\/\">\n\t\t\t<i aria-hidden=\"true\" class=\"fab fa-linkedin-in\"><\/i>\t\t\t<\/a>\n\t\t<\/div>\n\t\t\t\t\t\t<\/div>\n\t\t\t\t<\/div>\n\t\t\t\t\t<\/div>\n\t\t<\/div>\n\t\t\t\t\t<\/div>\n\t\t<\/section>\n\t\t\t\t<section class=\"elementor-section elementor-top-section elementor-element elementor-element-c55c974 elementor-section-boxed elementor-section-height-default elementor-section-height-default\" data-id=\"c55c974\" data-element_type=\"section\">\n\t\t\t\t\t\t<div class=\"elementor-container elementor-column-gap-default\">\n\t\t\t\t\t<div class=\"aux-parallax-section elementor-column elementor-col-100 elementor-top-column elementor-element elementor-element-7e10b2c\" data-id=\"7e10b2c\" data-element_type=\"column\">\n\t\t\t<div class=\"elementor-widget-wrap elementor-element-populated\">\n\t\t\t\t\t\t<div class=\"elementor-element elementor-element-d284e2d elementor-widget elementor-widget-spacer\" data-id=\"d284e2d\" data-element_type=\"widget\" data-widget_type=\"spacer.default\">\n\t\t\t\t<div class=\"elementor-widget-container\">\n\t\t\t\t\t\t\t<div class=\"elementor-spacer\">\n\t\t\t<div class=\"elementor-spacer-inner\"><\/div>\n\t\t<\/div>\n\t\t\t\t\t\t<\/div>\n\t\t\t\t<\/div>\n\t\t\t\t\t<\/div>\n\t\t<\/div>\n\t\t\t\t\t<\/div>\n\t\t<\/section>\n\t\t\t\t<section class=\"elementor-section elementor-top-section elementor-element elementor-element-5e1a7ab elementor-section-boxed elementor-section-height-default elementor-section-height-default\" data-id=\"5e1a7ab\" data-element_type=\"section\">\n\t\t\t\t\t\t<div class=\"elementor-container elementor-column-gap-default\">\n\t\t\t\t\t<div class=\"aux-parallax-section elementor-column elementor-col-100 elementor-top-column elementor-element elementor-element-142fa90\" data-id=\"142fa90\" data-element_type=\"column\">\n\t\t\t<div class=\"elementor-widget-wrap elementor-element-populated\">\n\t\t\t\t\t\t<div class=\"elementor-element elementor-element-7268027 elementor-widget-divider--view-line elementor-widget elementor-widget-divider\" data-id=\"7268027\" data-element_type=\"widget\" data-widget_type=\"divider.default\">\n\t\t\t\t<div class=\"elementor-widget-container\">\n\t\t\t\t\t\t\t<div class=\"elementor-divider\">\n\t\t\t<span class=\"elementor-divider-separator\">\n\t\t\t\t\t\t<\/span>\n\t\t<\/div>\n\t\t\t\t\t\t<\/div>\n\t\t\t\t<\/div>\n\t\t\t\t\t<\/div>\n\t\t<\/div>\n\t\t\t\t\t<\/div>\n\t\t<\/section>\n\t\t\t\t<section class=\"elementor-section elementor-top-section elementor-element elementor-element-5b7b8c4 elementor-section-boxed elementor-section-height-default elementor-section-height-default\" data-id=\"5b7b8c4\" data-element_type=\"section\">\n\t\t\t\t\t\t<div class=\"elementor-container elementor-column-gap-default\">\n\t\t\t\t\t<div class=\"aux-parallax-section elementor-column elementor-col-100 elementor-top-column elementor-element elementor-element-3f5294c\" data-id=\"3f5294c\" data-element_type=\"column\">\n\t\t\t<div class=\"elementor-widget-wrap elementor-element-populated\">\n\t\t\t\t\t\t<div class=\"elementor-element elementor-element-9b0f15f elementor-widget elementor-widget-spacer\" data-id=\"9b0f15f\" data-element_type=\"widget\" data-widget_type=\"spacer.default\">\n\t\t\t\t<div class=\"elementor-widget-container\">\n\t\t\t\t\t\t\t<div class=\"elementor-spacer\">\n\t\t\t<div class=\"elementor-spacer-inner\"><\/div>\n\t\t<\/div>\n\t\t\t\t\t\t<\/div>\n\t\t\t\t<\/div>\n\t\t\t\t\t<\/div>\n\t\t<\/div>\n\t\t\t\t\t<\/div>\n\t\t<\/section>\n\t\t\t\t<section class=\"elementor-section elementor-top-section elementor-element elementor-element-d8b72fb elementor-section-boxed elementor-section-height-default elementor-section-height-default\" data-id=\"d8b72fb\" data-element_type=\"section\">\n\t\t\t\t\t\t<div class=\"elementor-container elementor-column-gap-default\">\n\t\t\t\t\t<div class=\"aux-parallax-section elementor-column elementor-col-16 elementor-top-column elementor-element elementor-element-656374d\" data-id=\"656374d\" data-element_type=\"column\">\n\t\t\t<div class=\"elementor-widget-wrap\">\n\t\t\t\t\t\t\t<\/div>\n\t\t<\/div>\n\t\t\t\t<div class=\"aux-parallax-section elementor-column elementor-col-66 elementor-top-column elementor-element elementor-element-e4e27eb\" data-id=\"e4e27eb\" data-element_type=\"column\">\n\t\t\t<div class=\"elementor-widget-wrap elementor-element-populated\">\n\t\t\t\t\t\t<div class=\"elementor-element elementor-element-2142e5e elementor-widget__width-inherit elementor-widget elementor-widget-html\" data-id=\"2142e5e\" data-element_type=\"widget\" data-widget_type=\"html.default\">\n\t\t\t\t<div class=\"elementor-widget-container\">\n\t\t\t\t\t<center>\n[wpforms id=\"1670\"]\n<\/center>\n\t\t\t\t<\/div>\n\t\t\t\t<\/div>\n\t\t\t\t\t<\/div>\n\t\t<\/div>\n\t\t\t\t<div class=\"aux-parallax-section elementor-column elementor-col-16 elementor-top-column elementor-element elementor-element-2258214\" data-id=\"2258214\" data-element_type=\"column\">\n\t\t\t<div class=\"elementor-widget-wrap\">\n\t\t\t\t\t\t\t<\/div>\n\t\t<\/div>\n\t\t\t\t\t<\/div>\n\t\t<\/section>\n\t\t\t\t<\/div>\n\t\t","protected":false},"excerpt":{"rendered":"<p>Competenza 5: CREATIVE THINKING PERCHE&#8217; IL PENSIERO CREATIVO E&#8217; UN VALORE IN AZIENDA Tutte le pillole e le risorse della\u00a0NXS PROSKILLS COMMUNITY\u00a0sono tratte dal nostro modello di sviluppo manageriale, nascono come allenamento settimanale per dare il meglio nel mondo del lavoro. \u201cNon tutte le prigioni hanno le sbarre: molte sono meno evidenti ed \u00e8 difficile [&hellip;]<\/p>\n","protected":false},"author":4,"featured_media":0,"parent":0,"menu_order":0,"comment_status":"closed","ping_status":"closed","template":"templates\/page-builder-content.php","meta":{"_themeisle_gutenberg_block_has_review":false,"footnotes":""},"class_list":["post-3097","page","type-page","status-publish","hentry"],"aioseo_notices":[],"_links":{"self":[{"href":"https:\/\/www.nexusproskills.it\/index.php\/wp-json\/wp\/v2\/pages\/3097","targetHints":{"allow":["GET"]}}],"collection":[{"href":"https:\/\/www.nexusproskills.it\/index.php\/wp-json\/wp\/v2\/pages"}],"about":[{"href":"https:\/\/www.nexusproskills.it\/index.php\/wp-json\/wp\/v2\/types\/page"}],"author":[{"embeddable":true,"href":"https:\/\/www.nexusproskills.it\/index.php\/wp-json\/wp\/v2\/users\/4"}],"replies":[{"embeddable":true,"href":"https:\/\/www.nexusproskills.it\/index.php\/wp-json\/wp\/v2\/comments?post=3097"}],"version-history":[{"count":16,"href":"https:\/\/www.nexusproskills.it\/index.php\/wp-json\/wp\/v2\/pages\/3097\/revisions"}],"predecessor-version":[{"id":6243,"href":"https:\/\/www.nexusproskills.it\/index.php\/wp-json\/wp\/v2\/pages\/3097\/revisions\/6243"}],"wp:attachment":[{"href":"https:\/\/www.nexusproskills.it\/index.php\/wp-json\/wp\/v2\/media?parent=3097"}],"curies":[{"name":"wp","href":"https:\/\/api.w.org\/{rel}","templated":true}]}}