{"id":2653,"date":"2020-12-18T17:04:19","date_gmt":"2020-12-18T16:04:19","guid":{"rendered":"https:\/\/www.nexusproskills.it\/?page_id=2653"},"modified":"2022-03-29T16:24:34","modified_gmt":"2022-03-29T14:24:34","slug":"fondo-nuove-competenze","status":"publish","type":"page","link":"https:\/\/www.nexusproskills.it\/index.php\/fondo-nuove-competenze\/","title":{"rendered":"FONDO NUOVE COMPETENZE"},"content":{"rendered":"\t\t<div data-elementor-type=\"wp-page\" data-elementor-id=\"2653\" class=\"elementor elementor-2653\">\n\t\t\t\t\t\t<section class=\"elementor-section elementor-top-section elementor-element elementor-element-512afbc elementor-section-boxed elementor-section-height-default elementor-section-height-default\" data-id=\"512afbc\" data-element_type=\"section\">\n\t\t\t\t\t\t<div class=\"elementor-container elementor-column-gap-default\">\n\t\t\t\t\t<div class=\"aux-parallax-section elementor-column elementor-col-100 elementor-top-column elementor-element elementor-element-dcbdbcd\" data-id=\"dcbdbcd\" data-element_type=\"column\">\n\t\t\t<div class=\"elementor-widget-wrap\">\n\t\t\t\t\t\t\t<\/div>\n\t\t<\/div>\n\t\t\t\t\t<\/div>\n\t\t<\/section>\n\t\t\t\t<section class=\"elementor-section elementor-top-section elementor-element elementor-element-e8d41d7 elementor-section-boxed elementor-section-height-default elementor-section-height-default\" data-id=\"e8d41d7\" data-element_type=\"section\">\n\t\t\t\t\t\t<div class=\"elementor-container elementor-column-gap-default\">\n\t\t\t\t\t<div class=\"aux-parallax-section elementor-column elementor-col-100 elementor-top-column elementor-element elementor-element-129f898\" data-id=\"129f898\" data-element_type=\"column\">\n\t\t\t<div class=\"elementor-widget-wrap elementor-element-populated\">\n\t\t\t\t\t\t<div class=\"elementor-element elementor-element-bf5a528 elementor-widget elementor-widget-image\" data-id=\"bf5a528\" data-element_type=\"widget\" data-widget_type=\"image.default\">\n\t\t\t\t<div class=\"elementor-widget-container\">\n\t\t\t\t\t\t\t\t\t\t\t\t\t\t\t<img decoding=\"async\" src=\"https:\/\/www.nexusproskills.it\/wp-content\/uploads\/elementor\/thumbs\/fondo-nuove-competenze-pluu0zdz7b1fh9my0h7nijo61e6ehdvwfxpd0ljy4o.png\" title=\"Fondo Nuove Competenze\" alt=\"fondo nuove competenze; nexus; formazione; abruzzo; fondi aziende; fondo; azienda; finanziamento;\" loading=\"lazy\" \/>\t\t\t\t\t\t\t\t\t\t\t\t\t\t\t<\/div>\n\t\t\t\t<\/div>\n\t\t\t\t\t<\/div>\n\t\t<\/div>\n\t\t\t\t\t<\/div>\n\t\t<\/section>\n\t\t\t\t<section class=\"elementor-section elementor-top-section elementor-element elementor-element-d3985c3 elementor-section-boxed elementor-section-height-default elementor-section-height-default\" data-id=\"d3985c3\" data-element_type=\"section\">\n\t\t\t\t\t\t<div class=\"elementor-container elementor-column-gap-default\">\n\t\t\t\t\t<div class=\"aux-parallax-section elementor-column elementor-col-100 elementor-top-column elementor-element elementor-element-9a944d1\" data-id=\"9a944d1\" data-element_type=\"column\">\n\t\t\t<div class=\"elementor-widget-wrap elementor-element-populated\">\n\t\t\t\t\t\t<div class=\"elementor-element elementor-element-515fb23 elementor-widget elementor-widget-text-editor\" data-id=\"515fb23\" data-element_type=\"widget\" data-widget_type=\"text-editor.default\">\n\t\t\t\t<div class=\"elementor-widget-container\">\n\t\t\t\t\t\t\t\t\t<h4>NXS NexusProSkills \u00e8 al fianco di imprese e organizzazioni per agevolarne la ripresa attraverso programmi formativi mirati.<\/h4><p>Il FNC offre la possibilit\u00e0 di sviluppare le competenze delle risorse coinvolte finanziando il costo delle ore di lavoro trasformate in ore di formazione<\/p><h4>E\u2019 utile per:<\/h4><ul><li>&#8211; Agevolare le mutate esigenze organizzative e produttive dell\u2019impresa determinate dall\u2019emergenza sanitaria<\/li><li>&#8211; Evitare eventuali cali di retribuzione<\/li><li>&#8211; Rispondere a nuovi fabbisogni formativi legati all\u2019introduzione di innovazioni organizzative, tecnologiche, di processo o di prodotto\/servizio<\/li><li>&#8211; Sviluppare l\u2019occupabilit\u00e0 del lavoratore anche in altri contesti aziendali, cio\u00e8 per agevolare i processi di mobilit\u00e0 e di ricollocazione dei lavoratori in altre realt\u00e0 lavorative<\/li><\/ul><h4>Per accedere al finanziamento \u00e8 necessario:<\/h4><ul><li>&#8211; Stipulare un <strong>Accordo Collettivo<\/strong> di rimodulazione dell\u2019orario di lavoro per favorire percorsi di formazione interna<\/li><li>&#8211; Predisporre un progetto formativo collegato e l\u2019elenco dei lavoratori coinvolti, con l\u2019indicazione del numero di ore di riduzione dell\u2019orario di lavoro da destinare ai percorsi di sviluppo delle competenze<\/li><\/ul><h4>Inoltre se l\u2019azienda aderisce ad un fondo interprofessionale potr\u00e0 beneficiare:<\/h4><ul><li>&#8211; Del rimborso del costo del lavoro grazie al Fondo Nuove Competenze;<\/li><li>&#8211; Della copertura dei costi della formazione grazie all\u2019intervento del Fondo Interprofessionale.<\/li><\/ul>\t\t\t\t\t\t\t\t<\/div>\n\t\t\t\t<\/div>\n\t\t\t\t\t<\/div>\n\t\t<\/div>\n\t\t\t\t\t<\/div>\n\t\t<\/section>\n\t\t\t\t<section class=\"elementor-section elementor-top-section elementor-element elementor-element-0ec070f elementor-section-boxed elementor-section-height-default elementor-section-height-default\" data-id=\"0ec070f\" data-element_type=\"section\">\n\t\t\t\t\t\t<div class=\"elementor-container elementor-column-gap-default\">\n\t\t\t\t\t<div class=\"aux-parallax-section elementor-column elementor-col-100 elementor-top-column elementor-element elementor-element-43b336e\" data-id=\"43b336e\" data-element_type=\"column\">\n\t\t\t<div class=\"elementor-widget-wrap elementor-element-populated\">\n\t\t\t\t\t\t\t<\/div>\n\t\t<\/div>\n\t\t\t\t\t<\/div>\n\t\t<\/section>\n\t\t\t\t<section class=\"elementor-section elementor-top-section elementor-element elementor-element-f0c0a06 elementor-section-boxed elementor-section-height-default elementor-section-height-default\" data-id=\"f0c0a06\" data-element_type=\"section\">\n\t\t\t\t\t\t<div class=\"elementor-container elementor-column-gap-default\">\n\t\t\t\t\t<div class=\"aux-parallax-section elementor-column elementor-col-100 elementor-top-column elementor-element elementor-element-948a526\" data-id=\"948a526\" data-element_type=\"column\">\n\t\t\t<div class=\"elementor-widget-wrap elementor-element-populated\">\n\t\t\t\t\t\t\t<\/div>\n\t\t<\/div>\n\t\t\t\t\t<\/div>\n\t\t<\/section>\n\t\t\t\t<section class=\"elementor-section elementor-top-section elementor-element elementor-element-8335eb9 elementor-section-boxed elementor-section-height-default elementor-section-height-default\" data-id=\"8335eb9\" data-element_type=\"section\">\n\t\t\t\t\t\t<div class=\"elementor-container elementor-column-gap-default\">\n\t\t\t\t\t<div class=\"aux-parallax-section elementor-column elementor-col-100 elementor-top-column elementor-element elementor-element-115e139\" data-id=\"115e139\" data-element_type=\"column\">\n\t\t\t<div class=\"elementor-widget-wrap elementor-element-populated\">\n\t\t\t\t\t\t<div class=\"elementor-element elementor-element-88698a3 elementor-widget elementor-widget-html\" data-id=\"88698a3\" data-element_type=\"widget\" data-widget_type=\"html.default\">\n\t\t\t\t<div class=\"elementor-widget-container\">\n\t\t\t\t\t<center>[wpforms id=\"2475\"]<\/center>\t\t\t\t<\/div>\n\t\t\t\t<\/div>\n\t\t\t\t\t<\/div>\n\t\t<\/div>\n\t\t\t\t\t<\/div>\n\t\t<\/section>\n\t\t\t\t<\/div>\n\t\t","protected":false},"excerpt":{"rendered":"<p>NXS NexusProSkills \u00e8 al fianco di imprese e organizzazioni per agevolarne la ripresa attraverso programmi formativi mirati. Il FNC offre la possibilit\u00e0 di sviluppare le competenze delle risorse coinvolte finanziando il costo delle ore di lavoro trasformate in ore di formazione E\u2019 utile per: &#8211; Agevolare le mutate esigenze organizzative e produttive dell\u2019impresa determinate dall\u2019emergenza [&hellip;]<\/p>\n","protected":false},"author":4,"featured_media":5388,"parent":0,"menu_order":0,"comment_status":"closed","ping_status":"closed","template":"templates\/page-builder-content.php","meta":{"_themeisle_gutenberg_block_has_review":false,"footnotes":""},"class_list":["post-2653","page","type-page","status-publish","has-post-thumbnail","hentry"],"aioseo_notices":[],"_links":{"self":[{"href":"https:\/\/www.nexusproskills.it\/index.php\/wp-json\/wp\/v2\/pages\/2653","targetHints":{"allow":["GET"]}}],"collection":[{"href":"https:\/\/www.nexusproskills.it\/index.php\/wp-json\/wp\/v2\/pages"}],"about":[{"href":"https:\/\/www.nexusproskills.it\/index.php\/wp-json\/wp\/v2\/types\/page"}],"author":[{"embeddable":true,"href":"https:\/\/www.nexusproskills.it\/index.php\/wp-json\/wp\/v2\/users\/4"}],"replies":[{"embeddable":true,"href":"https:\/\/www.nexusproskills.it\/index.php\/wp-json\/wp\/v2\/comments?post=2653"}],"version-history":[{"count":32,"href":"https:\/\/www.nexusproskills.it\/index.php\/wp-json\/wp\/v2\/pages\/2653\/revisions"}],"predecessor-version":[{"id":5919,"href":"https:\/\/www.nexusproskills.it\/index.php\/wp-json\/wp\/v2\/pages\/2653\/revisions\/5919"}],"wp:featuredmedia":[{"embeddable":true,"href":"https:\/\/www.nexusproskills.it\/index.php\/wp-json\/wp\/v2\/media\/5388"}],"wp:attachment":[{"href":"https:\/\/www.nexusproskills.it\/index.php\/wp-json\/wp\/v2\/media?parent=2653"}],"curies":[{"name":"wp","href":"https:\/\/api.w.org\/{rel}","templated":true}]}}